{"id":2,"date":"2016-08-17T14:18:14","date_gmt":"2016-08-17T12:18:14","guid":{"rendered":""},"modified":"2016-12-23T21:21:15","modified_gmt":"2016-12-23T20:21:15","slug":"beispiel-seite","status":"publish","type":"page","link":"http:\/\/www.bewegunger.at\/","title":{"rendered":"Herzlich Willkommen!"},"content":{"rendered":"<p><em><strong>Bewegung als Heilmittel!<\/strong><\/em><\/p>\n<p><strong>G\u00e4be es ein Heilmittel, das nur ann\u00e4hernd so viele positive Wirkungen auf unseren K\u00f6rper h\u00e4tte, wie Bewegung, dann w\u00e4re es wohl das Meistbeworbene und Meistverkaufte der Welt.<\/strong><\/p>\n<p style=\"text-align: left;\">M\u00f6chtest du mehr dazu wissen, folge obigen links.<\/p>\n<p>Danke f\u00fcr deinen Besuch.<\/p>\n","protected":false},"excerpt":{"rendered":"<p>Bewegung als Heilmittel! G\u00e4be es ein Heilmittel, das nur ann\u00e4hernd so viele positive Wirkungen auf unseren K\u00f6rper h\u00e4tte, wie Bewegung, dann w\u00e4re es wohl das Meistbeworbene und Meistverkaufte der Welt. M\u00f6chtest du mehr dazu wissen, folge obigen links. Danke f\u00fcr &hellip; <a href=\"http:\/\/www.bewegunger.at\/\">Weiterlesen <span class=\"meta-nav\">&rarr;<\/span><\/a><\/p>\n","protected":false},"author":1,"featured_media":0,"parent":0,"menu_order":0,"comment_status":"closed","ping_status":"open","template":"","meta":{"footnotes":""},"class_list":["post-2","page","type-page","status-publish","hentry"],"_links":{"self":[{"href":"http:\/\/www.bewegunger.at\/index.php?rest_route=\/wp\/v2\/pages\/2","targetHints":{"allow":["GET"]}}],"collection":[{"href":"http:\/\/www.bewegunger.at\/index.php?rest_route=\/wp\/v2\/pages"}],"about":[{"href":"http:\/\/www.bewegunger.at\/index.php?rest_route=\/wp\/v2\/types\/page"}],"author":[{"embeddable":true,"href":"http:\/\/www.bewegunger.at\/index.php?rest_route=\/wp\/v2\/users\/1"}],"replies":[{"embeddable":true,"href":"http:\/\/www.bewegunger.at\/index.php?rest_route=%2Fwp%2Fv2%2Fcomments&post=2"}],"version-history":[{"count":16,"href":"http:\/\/www.bewegunger.at\/index.php?rest_route=\/wp\/v2\/pages\/2\/revisions"}],"predecessor-version":[{"id":224,"href":"http:\/\/www.bewegunger.at\/index.php?rest_route=\/wp\/v2\/pages\/2\/revisions\/224"}],"wp:attachment":[{"href":"http:\/\/www.bewegunger.at\/index.php?rest_route=%2Fwp%2Fv2%2Fmedia&parent=2"}],"curies":[{"name":"wp","href":"https:\/\/api.w.org\/{rel}","templated":true}]}}